{"id":1847,"date":"2016-01-10T11:36:24","date_gmt":"2016-01-10T10:36:24","guid":{"rendered":"https:\/\/gatito.be\/expo\/?page_id=1847"},"modified":"2016-01-10T11:40:01","modified_gmt":"2016-01-10T10:40:01","slug":"visites-guidees-expo-2016","status":"publish","type":"page","link":"https:\/\/gatito.be\/expo\/visites-guidees-expo-2016\/","title":{"rendered":"Visites guid\u00e9es expo 2016"},"content":{"rendered":"<p>Des visites guid\u00e9es peuvent \u00eatre organis\u00e9es pour les groupes, dans la mesure des disponibilit\u00e9s de nos guides.<\/p>\n","protected":false},"excerpt":{"rendered":"<p>Des visites guid\u00e9es peuvent \u00eatre organis\u00e9es pour les groupes, dans la mesure des disponibilit\u00e9s de nos guides.<\/p>\n","protected":false},"author":26,"featured_media":0,"parent":0,"menu_order":0,"comment_status":"open","ping_status":"open","template":"","meta":{"ngg_post_thumbnail":0},"_links":{"self":[{"href":"https:\/\/gatito.be\/expo\/wp-json\/wp\/v2\/pages\/1847"}],"collection":[{"href":"https:\/\/gatito.be\/expo\/wp-json\/wp\/v2\/pages"}],"about":[{"href":"https:\/\/gatito.be\/expo\/wp-json\/wp\/v2\/types\/page"}],"author":[{"embeddable":true,"href":"https:\/\/gatito.be\/expo\/wp-json\/wp\/v2\/users\/26"}],"replies":[{"embeddable":true,"href":"https:\/\/gatito.be\/expo\/wp-json\/wp\/v2\/comments?post=1847"}],"version-history":[{"count":1,"href":"https:\/\/gatito.be\/expo\/wp-json\/wp\/v2\/pages\/1847\/revisions"}],"predecessor-version":[{"id":1848,"href":"https:\/\/gatito.be\/expo\/wp-json\/wp\/v2\/pages\/1847\/revisions\/1848"}],"wp:attachment":[{"href":"https:\/\/gatito.be\/expo\/wp-json\/wp\/v2\/media?parent=1847"}],"curies":[{"name":"wp","href":"https:\/\/api.w.org\/{rel}","templated":true}]}}