{"id":2,"date":"2012-09-28T11:54:14","date_gmt":"2012-09-28T10:54:14","guid":{"rendered":"https:\/\/gatito.be\/art\/?page_id=2"},"modified":"2012-10-26T11:30:55","modified_gmt":"2012-10-26T10:30:55","slug":"page-d-exemple","status":"publish","type":"page","link":"https:\/\/gatito.be\/art\/page-d-exemple\/","title":{"rendered":"La premi\u00e8re pierre&#8230;"},"content":{"rendered":"<p>Gatito s&rsquo;est \u00e9pris de la pierre sur un coup de foudre de vacances.<\/p>\n<p>Les Landes fran\u00e7aises, les grandes \u00e9tendues de pin, la plage de sable blanc, la mer un peu sauvage&#8230;Le repos id\u00e9al pour les uns. Le d\u00e9sir d&rsquo;explorer pour Gatito. Dans l&rsquo;arri\u00e8re-pays, un sculpteur de pierre tendre l&rsquo;a initi\u00e9, en une demi-journ\u00e9e (si!), \u00e0 extraire du bloc le chat qui sommeillait dedans.<\/p>\n<p>&nbsp;<\/p>\n<div id=\"attachment_37\" style=\"width: 594px\" class=\"wp-caption aligncenter\"><a href=\"https:\/\/gatito.be\/art\/wp-content\/uploads\/2012\/09\/chat-b\u00e9ton.jpg\"><img aria-describedby=\"caption-attachment-37\" loading=\"lazy\" class=\"size-large wp-image-37\" title=\"chat b\u00e9ton\" src=\"https:\/\/gatito.be\/art\/wp-content\/uploads\/2012\/09\/chat-b\u00e9ton-626x1024.jpg\" alt=\"\" width=\"584\" height=\"955\" srcset=\"https:\/\/gatito.be\/art\/wp-content\/uploads\/2012\/09\/chat-b\u00e9ton-626x1024.jpg 626w, https:\/\/gatito.be\/art\/wp-content\/uploads\/2012\/09\/chat-b\u00e9ton-183x300.jpg 183w, https:\/\/gatito.be\/art\/wp-content\/uploads\/2012\/09\/chat-b\u00e9ton.jpg 1237w\" sizes=\"(max-width: 584px) 100vw, 584px\" \/><\/a><p id=\"caption-attachment-37\" class=\"wp-caption-text\">Taill\u00e9 dans un bloc de b\u00e9ton cellulaire<\/p><\/div>\n<p><a href=\"https:\/\/gatito.be\/art\/wp-content\/uploads\/2012\/09\/t\u00eate-face.png\"><img loading=\"lazy\" class=\"aligncenter  wp-image-36\" title=\"t\u00eate face\" src=\"https:\/\/gatito.be\/art\/wp-content\/uploads\/2012\/09\/t\u00eate-face-150x150.png\" alt=\"Signature2\" width=\"68\" height=\"68\" \/><\/a><\/p>\n","protected":false},"excerpt":{"rendered":"<p>Gatito s&rsquo;est \u00e9pris de la pierre sur un coup de foudre de vacances. Les Landes fran\u00e7aises, les grandes \u00e9tendues de pin, la plage de sable blanc, la mer un peu sauvage&#8230;Le repos id\u00e9al pour les uns. Le d\u00e9sir d&rsquo;explorer pour &hellip; <a href=\"https:\/\/gatito.be\/art\/page-d-exemple\/\">Continuer la lecture <span class=\"meta-nav\">&rarr;<\/span><\/a><\/p>\n","protected":false},"author":1,"featured_media":0,"parent":0,"menu_order":2,"comment_status":"open","ping_status":"closed","template":"","meta":{"ngg_post_thumbnail":0},"_links":{"self":[{"href":"https:\/\/gatito.be\/art\/wp-json\/wp\/v2\/pages\/2"}],"collection":[{"href":"https:\/\/gatito.be\/art\/wp-json\/wp\/v2\/pages"}],"about":[{"href":"https:\/\/gatito.be\/art\/wp-json\/wp\/v2\/types\/page"}],"author":[{"embeddable":true,"href":"https:\/\/gatito.be\/art\/wp-json\/wp\/v2\/users\/1"}],"replies":[{"embeddable":true,"href":"https:\/\/gatito.be\/art\/wp-json\/wp\/v2\/comments?post=2"}],"version-history":[{"count":3,"href":"https:\/\/gatito.be\/art\/wp-json\/wp\/v2\/pages\/2\/revisions"}],"predecessor-version":[{"id":35,"href":"https:\/\/gatito.be\/art\/wp-json\/wp\/v2\/pages\/2\/revisions\/35"}],"wp:attachment":[{"href":"https:\/\/gatito.be\/art\/wp-json\/wp\/v2\/media?parent=2"}],"curies":[{"name":"wp","href":"https:\/\/api.w.org\/{rel}","templated":true}]}}